{"id":4676,"date":"2018-10-30T18:05:43","date_gmt":"2018-10-30T16:05:43","guid":{"rendered":"http:\/\/nk7wdanlvn.preview.infomaniak.website\/kontakt\/"},"modified":"2021-10-15T11:35:36","modified_gmt":"2021-10-15T09:35:36","slug":"nous-contacter","status":"publish","type":"page","link":"https:\/\/www.horwin.swiss\/fr\/nous-contacter\/","title":{"rendered":"Contact"},"content":{"rendered":"<p><div class=\"fusion-fullwidth fullwidth-box fusion-builder-row-1 hundred-percent-fullwidth non-hundred-percent-height-scrolling fusion-equal-height-columns\" style=\"--awb-background-position:left top;--awb-border-sizes-top:0px;--awb-border-sizes-bottom:0px;--awb-border-sizes-left:0px;--awb-border-sizes-right:0px;--awb-border-radius-top-left:0px;--awb-border-radius-top-right:0px;--awb-border-radius-bottom-right:0px;--awb-border-radius-bottom-left:0px;--awb-padding-right:0px;--awb-padding-left:0px;--awb-background-color:#ffffff;--awb-flex-wrap:wrap;\" ><div class=\"fusion-builder-row fusion-row\"><div class=\"fusion-layout-column fusion_builder_column fusion-builder-column-0 fusion_builder_column_1_3 1_3 fusion-one-third fusion-column-first fusion-column-no-min-height\" style=\"--awb-padding-top:85px;--awb-padding-right:20%;--awb-padding-bottom:85px;--awb-padding-left:20%;--awb-bg-color:#f5f5f5;--awb-bg-color-hover:#f5f5f5;--awb-bg-size:cover;width:33.333333333333%;width:calc(33.333333333333% - ( ( 4% ) * 0.33333333333333 ) );margin-right: 4%;\"><div class=\"fusion-column-wrapper fusion-flex-column-wrapper-legacy\"><div class=\"fusion-column-content-centered\"><div class=\"fusion-column-content\"><div class=\"fusion-text fusion-text-1\"><h5 style=\"font-size: 15px; letter-spacing: 1px;\"><strong>HORWIN SWISS<\/strong><\/h5>\n<\/div><div class=\"fusion-sep-clear\"><\/div><div class=\"fusion-separator fusion-clearfix\" style=\"float:left;margin-bottom:30px;width:100%;max-width:24px;\"><div class=\"fusion-separator-border sep-single sep-solid\" style=\"--awb-height:20px;--awb-amount:20px;--awb-sep-color:#e6002d;border-color:#e6002d;border-top-width:2px;\"><\/div><\/div><div class=\"fusion-sep-clear\"><\/div><ul style=\"--awb-iconcolor:#717171;--awb-line-height:23.8px;--awb-icon-width:23.8px;--awb-icon-height:23.8px;--awb-icon-margin:9.8px;--awb-content-margin:33.6px;\" class=\"fusion-checklist fusion-checklist-1 fusion-checklist-default type-icons\"><li class=\"fusion-li-item\" style=\"\"><span class=\"icon-wrapper circle-no\"><i class=\"fusion-li-icon fa-home fas\" aria-hidden=\"true\"><\/i><\/span><div class=\"fusion-li-item-content\">c\/o <bold>BELIMPORT SA<\/bold><br \/>\nVia Adamini 20<br \/>\n6900 Lugano<br \/>\nSCHWEIZ<\/div><\/li><li class=\"fusion-li-item\" style=\"\"><span class=\"icon-wrapper circle-no\"><i class=\"fusion-li-icon fa-phone fas\" aria-hidden=\"true\"><\/i><\/span><div class=\"fusion-li-item-content\">+41 (0)91 260 35 35<\/div><\/li><li class=\"fusion-li-item\" style=\"\"><span class=\"icon-wrapper circle-no\"><i class=\"fusion-li-icon fa-envelope far\" aria-hidden=\"true\"><\/i><\/span><div class=\"fusion-li-item-content\"><a href=\"mailto:info@horwin.swiss\">info@horwin.swiss<\/a><\/div><\/li><li class=\"fusion-li-item\" style=\"\"><span class=\"icon-wrapper circle-no\"><i class=\"fusion-li-icon fa-clock far\" aria-hidden=\"true\"><\/i><\/span><div class=\"fusion-li-item-content\">\n<p>Mon. \u2013 Fri. 8.00-12:00 \/ 13:30-17:30 (CET\/CEST)<\/p>\n<\/div><\/li><\/ul><div class=\"fusion-sep-clear\"><\/div><div class=\"fusion-separator fusion-full-width-sep\" style=\"margin-left: auto;margin-right: auto;margin-top:20px;width:100%;\"><\/div><div class=\"fusion-sep-clear\"><\/div><div class=\"fusion-text fusion-text-2\"><h5 style=\"font-size: 15px; letter-spacing: 1px;\" hidden=\"\"><strong>China B\u00fcro<\/strong><\/h5>\n<\/div><\/div><\/div><div class=\"fusion-clearfix\"><\/div><\/div><\/div><div class=\"fusion-layout-column fusion_builder_column fusion-builder-column-1 fusion_builder_column_2_3 2_3 fusion-two-third fusion-column-last fusion-column-no-min-height\" style=\"--awb-padding-top:85px;--awb-padding-right:12%;--awb-padding-bottom:85px;--awb-padding-left:12%;--awb-bg-size:cover;width:66.666666666667%;width:calc(66.666666666667% - ( ( 4% ) * 0.66666666666667 ) );\"><div class=\"fusion-column-wrapper fusion-flex-column-wrapper-legacy\"><div class=\"fusion-column-content-centered\"><div class=\"fusion-column-content\"><div class=\"fusion-text fusion-text-3\"><h1 style=\"text-align: center;\">N&rsquo;H\u00c9SITEZ PAS \u00c0 NOUS CONTACTER<\/h1>\n<\/div><div class=\"fusion-sep-clear\"><\/div><div class=\"fusion-separator\" style=\"margin-left: auto;margin-right: auto;margin-top:0px;margin-bottom:30px;width:100%;max-width:206px;\"><div class=\"fusion-separator-border sep-single sep-solid\" style=\"--awb-height:20px;--awb-amount:20px;--awb-sep-color:#e6002d;border-color:#e6002d;border-top-width:2px;\"><\/div><\/div><div class=\"fusion-sep-clear\"><\/div><div class=\"fusion-text fusion-text-4\"><p style=\"text-align: center;\">Nous sommes l\u00e0 pour trouver des r\u00e9ponses \u00e0 vos questions et des solutions \u00e0 vos probl\u00e8mes. Laissez-nous un message ou contactez-nous directement.<\/p>\n<p style=\"text-align: center;\"><strong>N&rsquo;oubliez pas : plus nous en savons, mieux et plus vite nous pouvons vous aider.<\/strong><\/p>\n<\/div><div class=\"fusion-sep-clear\"><\/div><div class=\"fusion-separator fusion-full-width-sep\" style=\"margin-left: auto;margin-right: auto;margin-top:40px;width:100%;\"><\/div><div class=\"fusion-sep-clear\"><\/div>\n<div class=\"wpcf7 no-js\" id=\"wpcf7-f4914-o1\" lang=\"en-US\" dir=\"ltr\">\n<div class=\"screen-reader-response\"><p role=\"status\" aria-live=\"polite\" aria-atomic=\"true\"><\/p> <ul><\/ul><\/div>\n<form action=\"\/fr\/wp-json\/wp\/v2\/pages\/4676#wpcf7-f4914-o1\" method=\"post\" class=\"wpcf7-form init\" aria-label=\"Contact form\" novalidate=\"novalidate\" data-status=\"init\">\n<div style=\"display: none;\">\n<input type=\"hidden\" name=\"_wpcf7\" value=\"4914\" \/>\n<input type=\"hidden\" name=\"_wpcf7_version\" value=\"5.9.8\" \/>\n<input type=\"hidden\" name=\"_wpcf7_locale\" value=\"en_US\" \/>\n<input type=\"hidden\" name=\"_wpcf7_unit_tag\" value=\"wpcf7-f4914-o1\" \/>\n<input type=\"hidden\" name=\"_wpcf7_container_post\" value=\"0\" \/>\n<input type=\"hidden\" name=\"_wpcf7_posted_data_hash\" value=\"\" \/>\n<input type=\"hidden\" name=\"_wpcf7_recaptcha_response\" value=\"\" \/>\n<\/div>\n<div class=\"fusion-columns fusion-clearfix\" style=\"margin-bottom: 20px;\">\n\t<div class=\"col-lg-6 col-md-6 col-sm-12\">\n\t\t<p>NOM *\n\t\t<\/p>\n\t\t<p><span class=\"wpcf7-form-control-wrap\" data-name=\"first-name\"><input size=\"40\" maxlength=\"400\" class=\"wpcf7-form-control wpcf7-text wpcf7-validates-as-required\" aria-required=\"true\" aria-invalid=\"false\" value=\"\" type=\"text\" name=\"first-name\" \/><\/span>\n\t\t<\/p>\n\t<\/div>\n\t<div class=\"col-lg-6 col-md-6 col-sm-12\">\n\t\t<p>PRENOM *\n\t\t<\/p>\n\t\t<p><span class=\"wpcf7-form-control-wrap\" data-name=\"last-name\"><input size=\"40\" maxlength=\"400\" class=\"wpcf7-form-control wpcf7-text wpcf7-validates-as-required\" aria-required=\"true\" aria-invalid=\"false\" value=\"\" type=\"text\" name=\"last-name\" \/><\/span>\n\t\t<\/p>\n\t<\/div>\n<\/div>\n<div class=\"fusion-columns fusion-clearfix\" style=\"margin-bottom: 20px;\">\n\t<div class=\"col-lg-6 col-md-6 col-sm-12\">\n\t\t<p>ADRESSE E-MAIL *\n\t\t<\/p>\n\t\t<p><span class=\"wpcf7-form-control-wrap\" data-name=\"your-email\"><input size=\"40\" maxlength=\"400\" class=\"wpcf7-form-control wpcf7-email wpcf7-validates-as-required wpcf7-text wpcf7-validates-as-email\" aria-required=\"true\" aria-invalid=\"false\" value=\"\" type=\"email\" name=\"your-email\" \/><\/span>\n\t\t<\/p>\n\t<\/div>\n\t<div class=\"col-lg-6 col-md-6 col-sm-12\">\n\t\t<p>TELEPHONE *\n\t\t<\/p>\n\t\t<p><span class=\"wpcf7-form-control-wrap\" data-name=\"phone-number\"><input size=\"40\" maxlength=\"400\" class=\"wpcf7-form-control wpcf7-text wpcf7-validates-as-required\" aria-required=\"true\" aria-invalid=\"false\" value=\"\" type=\"text\" name=\"phone-number\" \/><\/span>\n\t\t<\/p>\n\t<\/div>\n<\/div>\n<p>CONCERNANT\n<\/p>\n<p><span class=\"wpcf7-form-control-wrap\" data-name=\"your-subject\"><input size=\"40\" maxlength=\"400\" class=\"wpcf7-form-control wpcf7-text\" aria-invalid=\"false\" value=\"\" type=\"text\" name=\"your-subject\" \/><\/span>\n<\/p>\n<p style=\"margin-bottom: 30px;\">VOTRE MESSAGE\n<\/p>\n<p><span class=\"wpcf7-form-control-wrap\" data-name=\"your-message\"><textarea cols=\"40\" rows=\"10\" maxlength=\"2000\" class=\"wpcf7-form-control wpcf7-textarea\" aria-invalid=\"false\" name=\"your-message\"><\/textarea><\/span>\n<\/p>\n<p style=\"margin-bottom: 30px;\"><br \/>\n<span class=\"wpcf7-form-control-wrap\" data-name=\"acceptance-663\"><span class=\"wpcf7-form-control wpcf7-acceptance\"><span class=\"wpcf7-list-item\"><input type=\"checkbox\" name=\"acceptance-663\" value=\"1\" aria-invalid=\"false\" \/><\/span><\/span><\/span> J'accepte le <a href=\"\/de\/datenschutzerklaerung\/\" target=\"_blank\">Dispositions relatives \u00e0 la protection des donn\u00e9es<\/a>\n<\/p>\n<div class=\"fusion-columns fusion-clearfix\" style=\"margin-bottom: 20px;\">\n\t<div class=\"col-lg-6 col-md-6 col-sm-12\">\n\t\t<p><input class=\"wpcf7-form-control wpcf7-submit has-spinner\" type=\"submit\" value=\"ENVOYER\" \/>\n\t\t<\/p>\n\t<\/div>\n\t<div class=\"col-lg-6 col-md-6 col-sm-12\">\n\t\n\t<\/div>\n<\/div><div class=\"fusion-alert alert custom alert-custom fusion-alert-center wpcf7-response-output fusion-alert-capitalize awb-alert-native-link-color alert-dismissable awb-alert-close-boxed\" style=\"--awb-border-size:1px;--awb-border-top-left-radius:0px;--awb-border-top-right-radius:0px;--awb-border-bottom-left-radius:0px;--awb-border-bottom-right-radius:0px;\" role=\"alert\"><div class=\"fusion-alert-content-wrapper\"><span class=\"fusion-alert-content\"><\/span><\/div><button type=\"button\" class=\"close toggle-alert\" data-dismiss=\"alert\" aria-label=\"Close\">&times;<\/button><\/div>\n<\/form>\n<\/div>\n<\/div><\/div><div class=\"fusion-clearfix\"><\/div><\/div><\/div><\/div><\/div><div class=\"fusion-fullwidth fullwidth-box fusion-builder-row-2 hundred-percent-fullwidth non-hundred-percent-height-scrolling\" style=\"--awb-background-position:left top;--awb-border-sizes-top:0px;--awb-border-sizes-bottom:0px;--awb-border-sizes-left:0px;--awb-border-sizes-right:0px;--awb-border-radius-top-left:0px;--awb-border-radius-top-right:0px;--awb-border-radius-bottom-right:0px;--awb-border-radius-bottom-left:0px;--awb-padding-top:0px;--awb-padding-right:0px;--awb-padding-bottom:0px;--awb-padding-left:0px;--awb-flex-wrap:wrap;\" ><div class=\"fusion-builder-row fusion-row\"><div class=\"fusion-layout-column fusion_builder_column fusion-builder-column-2 fusion_builder_column_1_1 1_1 fusion-one-full fusion-column-first fusion-column-last fusion-column-no-min-height\" style=\"--awb-bg-size:cover;\"><div class=\"fusion-column-wrapper fusion-flex-column-wrapper-legacy\">\t\t\t\t\t<script type=\"text\/javascript\">\n\t\t\t\t\t\tvar map_fusion_map_69d99695818b6;\n\t\t\t\t\t\tvar markers = [];\n\t\t\t\t\t\tvar counter = 0;\n\t\t\t\t\t\t\t\t\t\t\t\t\t\t\t\t\t\t\t\tvar fusionMapNonce = 'cc4f16f02e';\n\t\t\t\t\t\t\t\t\t\t\t\tfunction fusion_run_map_fusion_map_69d99695818b6() {\n\t\t\t\t\t\t\tjQuery('#fusion_map_69d99695818b6').fusion_maps({\n\t\t\t\t\t\t\t\taddresses: [{\"address\":\"Via Adamini 20, 6900 Lugano, SCHWEIZ\",\"infobox_content\":\"<strong>HORWIN SWISS<\\\/strong><br>Via Adamini 20<br>6900 Lugano<br>SCHWEIZ\",\"marker\":\"http:\\\/\\\/nk7wdanlvn.preview.infomaniak.website\\\/wp-content\\\/uploads\\\/2017\\\/06\\\/custom-marker-smaller-horwin-1.png\",\"coordinates\":false,\"cache\":true,\"latitude\":\"45.99824419999999\",\"longitude\":\"8.944285299999999\"}],\n\t\t\t\t\t\t\t\tanimations: true,\n\t\t\t\t\t\t\t\tinfobox_background_color: '',\n\t\t\t\t\t\t\t\tinfobox_styling: 'default',\n\t\t\t\t\t\t\t\tinfobox_text_color: '',\n\t\t\t\t\t\t\t\tmap_style: 'custom',\n\t\t\t\t\t\t\t\tmap_type: 'roadmap',\n\t\t\t\t\t\t\t\tmarker_icon: 'http:\/\/nk7wdanlvn.preview.infomaniak.website\/wp-content\/uploads\/2017\/06\/custom-marker-smaller-horwin-1.png',\n\t\t\t\t\t\t\t\toverlay_color: '',\n\t\t\t\t\t\t\t\toverlay_color_hsl: {\"hue\":0,\"sat\":0,\"lum\":100},\n\t\t\t\t\t\t\t\tpan_control: true,\n\t\t\t\t\t\t\t\tshow_address: false,\n\t\t\t\t\t\t\t\tscale_control: true,\n\t\t\t\t\t\t\t\tscrollwheel: false,\n\t\t\t\t\t\t\t\tzoom: 5,\n\t\t\t\t\t\t\t\tzoom_control: true,\n\t\t\t\t\t\t\t});\n\t\t\t\t\t\t}\n\n\t\t\t\t\t\tgoogle.maps.event.addDomListener(window, 'load', fusion_run_map_fusion_map_69d99695818b6);\n\t\t\t\t\t<\/script>\n\t\t\t\t\t<div class=\"shortcode-map fusion-google-map fusion-maps-js-type\" style=\"--awb-height:500px;\" id=\"fusion_map_69d99695818b6\"><\/div><div class=\"fusion-clearfix\"><\/div><\/div><\/div><\/div><\/div><\/p>\n","protected":false},"excerpt":{"rendered":"","protected":false},"author":2,"featured_media":0,"parent":0,"menu_order":0,"comment_status":"closed","ping_status":"closed","template":"100-width.php","meta":{"_monsterinsights_skip_tracking":false,"_monsterinsights_sitenote_active":false,"_monsterinsights_sitenote_note":"","_monsterinsights_sitenote_category":0,"footnotes":""},"class_list":["post-4676","page","type-page","status-publish","hentry"],"yoast_head":"<!-- This site is optimized with the Yoast SEO plugin v23.3 - https:\/\/yoast.com\/wordpress\/plugins\/seo\/ -->\n<title>Contact &#8211; HORWIN Swiss<\/title>\n<meta name=\"robots\" content=\"index, follow, max-snippet:-1, max-image-preview:large, max-video-preview:-1\" \/>\n<link rel=\"canonical\" href=\"https:\/\/www.horwin.swiss\/mit-uns-kontakt-aufnehmen\/\" \/>\n<meta property=\"og:locale\" content=\"fr_FR\" \/>\n<meta property=\"og:type\" content=\"article\" \/>\n<meta property=\"og:title\" content=\"Contact &#8211; HORWIN Swiss\" \/>\n<meta property=\"og:url\" content=\"https:\/\/www.horwin.swiss\/mit-uns-kontakt-aufnehmen\/\" \/>\n<meta property=\"og:site_name\" content=\"HORWIN Swiss\" \/>\n<meta property=\"article:modified_time\" content=\"2021-10-15T09:35:36+00:00\" \/>\n<meta name=\"twitter:card\" content=\"summary_large_image\" \/>\n<meta name=\"twitter:label1\" content=\"Dur\u00e9e de lecture estim\u00e9e\" \/>\n\t<meta name=\"twitter:data1\" content=\"4 minutes\" \/>\n<script type=\"application\/ld+json\" class=\"yoast-schema-graph\">{\"@context\":\"https:\/\/schema.org\",\"@graph\":[{\"@type\":\"WebPage\",\"@id\":\"https:\/\/www.horwin.swiss\/mit-uns-kontakt-aufnehmen\/\",\"url\":\"https:\/\/www.horwin.swiss\/mit-uns-kontakt-aufnehmen\/\",\"name\":\"Contact &#8211; HORWIN Swiss\",\"isPartOf\":{\"@id\":\"https:\/\/www.horwin.swiss\/fr\/#website\"},\"datePublished\":\"2018-10-30T16:05:43+00:00\",\"dateModified\":\"2021-10-15T09:35:36+00:00\",\"breadcrumb\":{\"@id\":\"https:\/\/www.horwin.swiss\/mit-uns-kontakt-aufnehmen\/#breadcrumb\"},\"inLanguage\":\"fr-FR\",\"potentialAction\":[{\"@type\":\"ReadAction\",\"target\":[\"https:\/\/www.horwin.swiss\/mit-uns-kontakt-aufnehmen\/\"]}]},{\"@type\":\"BreadcrumbList\",\"@id\":\"https:\/\/www.horwin.swiss\/mit-uns-kontakt-aufnehmen\/#breadcrumb\",\"itemListElement\":[{\"@type\":\"ListItem\",\"position\":1,\"name\":\"Home\",\"item\":\"https:\/\/www.horwin.swiss\/fr\/\"},{\"@type\":\"ListItem\",\"position\":2,\"name\":\"Contact\"}]},{\"@type\":\"WebSite\",\"@id\":\"https:\/\/www.horwin.swiss\/fr\/#website\",\"url\":\"https:\/\/www.horwin.swiss\/fr\/\",\"name\":\"HORWIN Swiss\",\"description\":\"Distribution of E-Mobility vehicles in Switzerland\",\"publisher\":{\"@id\":\"https:\/\/www.horwin.swiss\/fr\/#organization\"},\"potentialAction\":[{\"@type\":\"SearchAction\",\"target\":{\"@type\":\"EntryPoint\",\"urlTemplate\":\"https:\/\/www.horwin.swiss\/fr\/?s={search_term_string}\"},\"query-input\":\"required name=search_term_string\"}],\"inLanguage\":\"fr-FR\"},{\"@type\":\"Organization\",\"@id\":\"https:\/\/www.horwin.swiss\/fr\/#organization\",\"name\":\"Horwin Swiss\",\"url\":\"https:\/\/www.horwin.swiss\/fr\/\",\"logo\":{\"@type\":\"ImageObject\",\"inLanguage\":\"fr-FR\",\"@id\":\"https:\/\/www.horwin.swiss\/fr\/#\/schema\/logo\/image\/\",\"url\":\"https:\/\/www.horwin.swiss\/wp-content\/uploads\/2021\/10\/HORWIN_Logo.png\",\"contentUrl\":\"https:\/\/www.horwin.swiss\/wp-content\/uploads\/2021\/10\/HORWIN_Logo.png\",\"width\":3167,\"height\":602,\"caption\":\"Horwin Swiss\"},\"image\":{\"@id\":\"https:\/\/www.horwin.swiss\/fr\/#\/schema\/logo\/image\/\"}}]}<\/script>\n<!-- \/ Yoast SEO plugin. -->","yoast_head_json":{"title":"Contact &#8211; HORWIN Swiss","robots":{"index":"index","follow":"follow","max-snippet":"max-snippet:-1","max-image-preview":"max-image-preview:large","max-video-preview":"max-video-preview:-1"},"canonical":"https:\/\/www.horwin.swiss\/mit-uns-kontakt-aufnehmen\/","og_locale":"fr_FR","og_type":"article","og_title":"Contact &#8211; HORWIN Swiss","og_url":"https:\/\/www.horwin.swiss\/mit-uns-kontakt-aufnehmen\/","og_site_name":"HORWIN Swiss","article_modified_time":"2021-10-15T09:35:36+00:00","twitter_card":"summary_large_image","twitter_misc":{"Dur\u00e9e de lecture estim\u00e9e":"4 minutes"},"schema":{"@context":"https:\/\/schema.org","@graph":[{"@type":"WebPage","@id":"https:\/\/www.horwin.swiss\/mit-uns-kontakt-aufnehmen\/","url":"https:\/\/www.horwin.swiss\/mit-uns-kontakt-aufnehmen\/","name":"Contact &#8211; HORWIN Swiss","isPartOf":{"@id":"https:\/\/www.horwin.swiss\/fr\/#website"},"datePublished":"2018-10-30T16:05:43+00:00","dateModified":"2021-10-15T09:35:36+00:00","breadcrumb":{"@id":"https:\/\/www.horwin.swiss\/mit-uns-kontakt-aufnehmen\/#breadcrumb"},"inLanguage":"fr-FR","potentialAction":[{"@type":"ReadAction","target":["https:\/\/www.horwin.swiss\/mit-uns-kontakt-aufnehmen\/"]}]},{"@type":"BreadcrumbList","@id":"https:\/\/www.horwin.swiss\/mit-uns-kontakt-aufnehmen\/#breadcrumb","itemListElement":[{"@type":"ListItem","position":1,"name":"Home","item":"https:\/\/www.horwin.swiss\/fr\/"},{"@type":"ListItem","position":2,"name":"Contact"}]},{"@type":"WebSite","@id":"https:\/\/www.horwin.swiss\/fr\/#website","url":"https:\/\/www.horwin.swiss\/fr\/","name":"HORWIN Swiss","description":"Distribution of E-Mobility vehicles in Switzerland","publisher":{"@id":"https:\/\/www.horwin.swiss\/fr\/#organization"},"potentialAction":[{"@type":"SearchAction","target":{"@type":"EntryPoint","urlTemplate":"https:\/\/www.horwin.swiss\/fr\/?s={search_term_string}"},"query-input":"required name=search_term_string"}],"inLanguage":"fr-FR"},{"@type":"Organization","@id":"https:\/\/www.horwin.swiss\/fr\/#organization","name":"Horwin Swiss","url":"https:\/\/www.horwin.swiss\/fr\/","logo":{"@type":"ImageObject","inLanguage":"fr-FR","@id":"https:\/\/www.horwin.swiss\/fr\/#\/schema\/logo\/image\/","url":"https:\/\/www.horwin.swiss\/wp-content\/uploads\/2021\/10\/HORWIN_Logo.png","contentUrl":"https:\/\/www.horwin.swiss\/wp-content\/uploads\/2021\/10\/HORWIN_Logo.png","width":3167,"height":602,"caption":"Horwin Swiss"},"image":{"@id":"https:\/\/www.horwin.swiss\/fr\/#\/schema\/logo\/image\/"}}]}},"_links":{"self":[{"href":"https:\/\/www.horwin.swiss\/fr\/wp-json\/wp\/v2\/pages\/4676"}],"collection":[{"href":"https:\/\/www.horwin.swiss\/fr\/wp-json\/wp\/v2\/pages"}],"about":[{"href":"https:\/\/www.horwin.swiss\/fr\/wp-json\/wp\/v2\/types\/page"}],"author":[{"embeddable":true,"href":"https:\/\/www.horwin.swiss\/fr\/wp-json\/wp\/v2\/users\/2"}],"replies":[{"embeddable":true,"href":"https:\/\/www.horwin.swiss\/fr\/wp-json\/wp\/v2\/comments?post=4676"}],"version-history":[{"count":9,"href":"https:\/\/www.horwin.swiss\/fr\/wp-json\/wp\/v2\/pages\/4676\/revisions"}],"predecessor-version":[{"id":4915,"href":"https:\/\/www.horwin.swiss\/fr\/wp-json\/wp\/v2\/pages\/4676\/revisions\/4915"}],"wp:attachment":[{"href":"https:\/\/www.horwin.swiss\/fr\/wp-json\/wp\/v2\/media?parent=4676"}],"curies":[{"name":"wp","href":"https:\/\/api.w.org\/{rel}","templated":true}]}}