{"id":4662,"date":"2018-10-30T18:03:42","date_gmt":"2018-10-30T16:03:42","guid":{"rendered":"https:\/\/nk7wdanlvn.preview.infomaniak.website\/haendler-werden\/"},"modified":"2023-10-03T09:41:24","modified_gmt":"2023-10-03T07:41:24","slug":"devenez-revendeur-scooters-electriques","status":"publish","type":"page","link":"https:\/\/www.horwin.swiss\/fr\/devenez-revendeur-scooters-electriques\/","title":{"rendered":"Devenir revendeur Horwin"},"content":{"rendered":"<p><div class=\"fusion-fullwidth fullwidth-box fusion-builder-row-1 fusion-parallax-none nonhundred-percent-fullwidth non-hundred-percent-height-scrolling fusion-equal-height-columns\" style=\"--awb-background-position:left bottom;--awb-border-sizes-top:0px;--awb-border-sizes-bottom:0px;--awb-border-sizes-left:0px;--awb-border-sizes-right:0px;--awb-border-radius-top-left:0px;--awb-border-radius-top-right:0px;--awb-border-radius-bottom-right:0px;--awb-border-radius-bottom-left:0px;--awb-padding-top:80px;--awb-padding-right:0px;--awb-padding-bottom:80px;--awb-padding-left:0px;--awb-margin-top:-80px;--awb-margin-bottom:1px;--awb-background-color:#333333;--awb-background-image:url(&quot;http:\/\/www.horwin.swiss\/wp-content\/uploads\/2021\/11\/handshake_horwin.swiss_-1.png&quot;);--awb-background-size:cover;--awb-flex-wrap:wrap;\" ><div class=\"fusion-builder-row fusion-row\"><div class=\"fusion-layout-column fusion_builder_column fusion-builder-column-0 fusion_builder_column_1_1 1_1 fusion-one-full fusion-column-first fusion-column-last\" style=\"--awb-bg-size:cover;\"><div class=\"fusion-column-wrapper fusion-flex-column-wrapper-legacy\"><div class=\"fusion-text fusion-text-1\"><h1 class=\"fusion-responsive-typography-calculated\" style=\"text-align: center; --fontsize: 34; line-height: 1.4;\" data-fontsize=\"34\" data-lineheight=\"47.6px\"><span style=\"color: #ffffff;\"><span class=\"fusion-highlight custom-textcolor highlight1 awb-highlight-background rounded\" style=\"--awb-color:rgba(0,0,0,0.44);--awb-text-color:#ffffff;\">DEVENEZ REVENDEUR DE SCOOTERS ELECTRIQUES HORWIN<\/span><\/span><\/h1>\n<\/div><div class=\"fusion-sep-clear\"><\/div><div class=\"fusion-separator\" style=\"margin-left: auto;margin-right: auto;margin-top:20px;margin-bottom:20px;width:100%;max-width:206px;\"><div class=\"fusion-separator-border sep-single sep-solid\" style=\"--awb-height:20px;--awb-amount:20px;--awb-sep-color:#e6002d;border-color:#e6002d;border-top-width:3px;\"><\/div><\/div><div class=\"fusion-sep-clear\"><\/div><div class=\"fusion-clearfix\"><\/div><\/div><\/div><div class=\"fusion-layout-column fusion_builder_column fusion-builder-column-1 fusion_builder_column_1_6 1_6 fusion-one-sixth fusion-column-first\" style=\"--awb-bg-size:cover;width:16.666666666667%;width:calc(16.666666666667% - ( ( 4% + 4% ) * 0.16666666666667 ) );margin-right: 4%;\"><div class=\"fusion-column-wrapper fusion-flex-column-wrapper-legacy\"><div class=\"fusion-clearfix\"><\/div><\/div><\/div><div class=\"fusion-layout-column fusion_builder_column fusion-builder-column-2 fusion_builder_column_2_3 2_3 fusion-two-third fusion-column-no-min-height\" style=\"--awb-padding-top:2%;--awb-padding-right:2%;--awb-padding-bottom:2%;--awb-padding-left:2%;--awb-bg-size:cover;width:66.666666666667%;width:calc(66.666666666667% - ( ( 4% + 4% ) * 0.66666666666667 ) );margin-right: 4%;\"><div class=\"fusion-column-wrapper fusion-flex-column-wrapper-legacy\"><div class=\"fusion-column-content-centered\"><div class=\"fusion-column-content\"><div class=\"fusion-text fusion-text-2\"><h4 class=\"fusion-responsive-typography-calculated\" style=\"--fontsize: 18; line-height: 1.52; --minfontsize: 18;\" data-fontsize=\"18\" data-lineheight=\"27.36px\"><span style=\"color: #ffffff;\"><span class=\"fusion-highlight custom-textcolor highlight1 awb-highlight-background rounded\" style=\"--awb-color:rgba(0,0,0,0.44);--awb-text-color:#ffffff;\">Nous nous sommes fix\u00e9 l&rsquo;objectif de d\u00e9velopper un r\u00e9seau commercial exclusif pour \u00eatre pr\u00e9sent sur tout le territoire suisse. C\u2019est pourquoi nous recherchons des partenaires et revendeurs fiable et motiv\u00e9s.<\/span><\/span><\/h4>\n<\/div><\/div><\/div><div class=\"fusion-clearfix\"><\/div><\/div><\/div><div class=\"fusion-layout-column fusion_builder_column fusion-builder-column-3 fusion_builder_column_1_6 1_6 fusion-one-sixth fusion-column-last\" style=\"--awb-bg-size:cover;width:16.666666666667%;width:calc(16.666666666667% - ( ( 4% + 4% ) * 0.16666666666667 ) );\"><div class=\"fusion-column-wrapper fusion-flex-column-wrapper-legacy\"><div class=\"fusion-clearfix\"><\/div><\/div><\/div><\/div><\/div><div class=\"fusion-fullwidth fullwidth-box fusion-builder-row-2 nonhundred-percent-fullwidth non-hundred-percent-height-scrolling fusion-equal-height-columns\" style=\"--awb-background-position:left top;--awb-border-sizes-top:0px;--awb-border-sizes-bottom:0px;--awb-border-sizes-left:0px;--awb-border-sizes-right:0px;--awb-border-radius-top-left:0px;--awb-border-radius-top-right:0px;--awb-border-radius-bottom-right:0px;--awb-border-radius-bottom-left:0px;--awb-padding-right:0px;--awb-padding-left:0px;--awb-margin-top:20px;--awb-margin-bottom:50px;--awb-background-color:#ffffff;--awb-flex-wrap:wrap;\" ><div class=\"fusion-builder-row fusion-row\"><div class=\"fusion-layout-column fusion_builder_column fusion-builder-column-4 fusion_builder_column_1_2 1_2 fusion-one-half fusion-column-first\" style=\"--awb-padding-top:2%;--awb-padding-right:2%;--awb-padding-bottom:2%;--awb-padding-left:2%;--awb-bg-size:cover;width:50%;width:calc(50% - ( ( 4% ) * 0.5 ) );margin-right: 4%;\"><div class=\"fusion-column-wrapper fusion-flex-column-wrapper-legacy\"><div class=\"fusion-text fusion-text-3\"><h2 class=\"fusion-responsive-typography-calculated\" style=\"--fontsize: 32; line-height: 1.31;\" data-fontsize=\"32\" data-lineheight=\"41.92px\">Que cherchons-nous exactement?<\/h2>\n<p>Votre motivation et votre volont\u00e9 \u00e0 accomplir cette t\u00e2che sont les crit\u00e8res les plus importants pour nous. L\u2019id\u00e9al est que votre entreprise ait plusieurs ann\u00e9es d\u2019exp\u00e9rience dans la vente de produits similaires dans votre r\u00e9gion. On veut travailler seulement avec des magasins sp\u00e9cialis\u00e9.<\/p>\n<p>Si vous vous sentez pr\u00eat \u00e0 vous investir dans un nouveau projet envoyer nous votre candidature et\/ou un message via notre formulaire de contact ci-dessous pour devenir revendeur officiel Horwin. On se r\u00e9jouit de vous accueillir dans la famille Horwin.<\/p>\n<\/div><div class=\"fusion-clearfix\"><\/div><\/div><\/div><div class=\"fusion-layout-column fusion_builder_column fusion-builder-column-5 fusion_builder_column_1_2 1_2 fusion-one-half fusion-column-last\" style=\"--awb-padding-top:2%;--awb-padding-right:2%;--awb-padding-bottom:2%;--awb-padding-left:2%;--awb-bg-size:cover;width:50%;width:calc(50% - ( ( 4% ) * 0.5 ) );\"><div class=\"fusion-column-wrapper fusion-flex-column-wrapper-legacy\"><div class=\"fusion-text fusion-text-4\"><h2>Que pouvez-vous attendre de nous?<\/h2>\n<ul style=\"--awb-iconcolor:#ffffff;--awb-line-height:23.8px;--awb-icon-width:23.8px;--awb-icon-height:23.8px;--awb-icon-margin:9.8px;--awb-content-margin:33.6px;--awb-circlecolor:#e6002d;--awb-circle-yes-font-size:12.32px;\" class=\"fusion-checklist fusion-checklist-1 fusion-checklist-default type-icons\"><li class=\"fusion-li-item\" style=\"\"><span class=\"icon-wrapper circle-yes\"><i class=\"fusion-li-icon fa fa-check\" aria-hidden=\"true\"><\/i><\/span><div class=\"fusion-li-item-content\">Entreprise professionnelle et relations \u00e0 long terme<\/div><\/li><li class=\"fusion-li-item\" style=\"\"><span class=\"icon-wrapper circle-yes\"><i class=\"fusion-li-icon fa fa-check\" aria-hidden=\"true\"><\/i><\/span><div class=\"fusion-li-item-content\">Marges attractives<\/div><\/li><li class=\"fusion-li-item\" style=\"\"><span class=\"icon-wrapper circle-yes\"><i class=\"fusion-li-icon fa fa-check\" aria-hidden=\"true\"><\/i><\/span><div class=\"fusion-li-item-content\">Revendeur officiel pour votre r\u00e9gion<\/div><\/li><li class=\"fusion-li-item\" style=\"\"><span class=\"icon-wrapper circle-yes\"><i class=\"fusion-li-icon fa fa-check\" aria-hidden=\"true\"><\/i><\/span><div class=\"fusion-li-item-content\">Assistance de haut niveau pour les probl\u00e8mes commerciaux et\/ou techniques<\/div><\/li><li class=\"fusion-li-item\" style=\"\"><span class=\"icon-wrapper circle-yes\"><i class=\"fusion-li-icon fa fa-check\" aria-hidden=\"true\"><\/i><\/span><div class=\"fusion-li-item-content\">\u00catre partenaire commercial en Suisse pour l&rsquo;e-mobilit\u00e9<\/div><\/li><\/ul>\n<\/div><div class=\"fusion-clearfix\"><\/div><\/div><\/div><\/div><\/div><div class=\"fusion-fullwidth fullwidth-box fusion-builder-row-3 nonhundred-percent-fullwidth non-hundred-percent-height-scrolling\" style=\"--awb-border-radius-top-left:0px;--awb-border-radius-top-right:0px;--awb-border-radius-bottom-right:0px;--awb-border-radius-bottom-left:0px;--awb-margin-top:0px;--awb-margin-bottom:0px;--awb-flex-wrap:wrap;\" ><div class=\"fusion-builder-row fusion-row\"><div class=\"fusion-layout-column fusion_builder_column fusion-builder-column-6 fusion_builder_column_1_6 1_6 fusion-one-sixth fusion-column-first\" style=\"--awb-bg-size:cover;width:16.666666666667%;width:calc(16.666666666667% - ( ( 4% + 4% ) * 0.16666666666667 ) );margin-right: 4%;\"><div class=\"fusion-column-wrapper fusion-flex-column-wrapper-legacy\"><div class=\"fusion-clearfix\"><\/div><\/div><\/div><div class=\"fusion-layout-column fusion_builder_column fusion-builder-column-7 fusion_builder_column_2_3 2_3 fusion-two-third\" style=\"--awb-bg-size:cover;width:66.666666666667%;width:calc(66.666666666667% - ( ( 4% + 4% ) * 0.66666666666667 ) );margin-right: 4%;\"><div class=\"fusion-column-wrapper fusion-flex-column-wrapper-legacy\">\n<div class=\"wpcf7 no-js\" id=\"wpcf7-f4916-o1\" lang=\"en-US\" dir=\"ltr\">\n<div class=\"screen-reader-response\"><p role=\"status\" aria-live=\"polite\" aria-atomic=\"true\"><\/p> <ul><\/ul><\/div>\n<form action=\"\/fr\/wp-json\/wp\/v2\/pages\/4662#wpcf7-f4916-o1\" method=\"post\" class=\"wpcf7-form init\" aria-label=\"Contact form\" novalidate=\"novalidate\" data-status=\"init\">\n<div style=\"display: none;\">\n<input type=\"hidden\" name=\"_wpcf7\" value=\"4916\" \/>\n<input type=\"hidden\" name=\"_wpcf7_version\" value=\"5.9.8\" \/>\n<input type=\"hidden\" name=\"_wpcf7_locale\" value=\"en_US\" \/>\n<input type=\"hidden\" name=\"_wpcf7_unit_tag\" value=\"wpcf7-f4916-o1\" \/>\n<input type=\"hidden\" name=\"_wpcf7_container_post\" value=\"0\" \/>\n<input type=\"hidden\" name=\"_wpcf7_posted_data_hash\" value=\"\" \/>\n<input type=\"hidden\" name=\"_wpcf7_recaptcha_response\" value=\"\" \/>\n<\/div>\n<div class=\"fusion-columns fusion-clearfix\" style=\"margin-bottom: 20px;\">\n\t<div class=\"col-lg-6 col-md-6 col-sm-12\">\n\t\t<p>NOM *\n\t\t<\/p>\n\t\t<p><span class=\"wpcf7-form-control-wrap\" data-name=\"first-name\"><input size=\"40\" maxlength=\"400\" class=\"wpcf7-form-control wpcf7-text wpcf7-validates-as-required\" aria-required=\"true\" aria-invalid=\"false\" value=\"\" type=\"text\" name=\"first-name\" \/><\/span>\n\t\t<\/p>\n\t<\/div>\n\t<div class=\"col-lg-6 col-md-6 col-sm-12\">\n\t\t<p>PRENOM *\n\t\t<\/p>\n\t\t<p><span class=\"wpcf7-form-control-wrap\" data-name=\"last-name\"><input size=\"40\" maxlength=\"400\" class=\"wpcf7-form-control wpcf7-text wpcf7-validates-as-required\" aria-required=\"true\" aria-invalid=\"false\" value=\"\" type=\"text\" name=\"last-name\" \/><\/span>\n\t\t<\/p>\n\t<\/div>\n<\/div>\n<div class=\"fusion-columns fusion-clearfix\" style=\"margin-bottom: 20px;\">\n\t<div class=\"col-lg-6 col-md-6 col-sm-12\">\n\t\t<p>ENTREPRISE\n\t\t<\/p>\n\t\t<p><span class=\"wpcf7-form-control-wrap\" data-name=\"company\"><input size=\"40\" maxlength=\"400\" class=\"wpcf7-form-control wpcf7-text\" aria-invalid=\"false\" value=\"\" type=\"text\" name=\"company\" \/><\/span>\n\t\t<\/p>\n\t<\/div>\n\t<div class=\"col-lg-6 col-md-6 col-sm-12\">\n\t\t<p>SITE WEB\n\t\t<\/p>\n\t\t<p><span class=\"wpcf7-form-control-wrap\" data-name=\"website\"><input size=\"40\" maxlength=\"400\" class=\"wpcf7-form-control wpcf7-text\" aria-invalid=\"false\" value=\"\" type=\"text\" name=\"website\" \/><\/span>\n\t\t<\/p>\n\t<\/div>\n<\/div>\n<div class=\"fusion-columns fusion-clearfix\" style=\"margin-bottom: 20px;\">\n\t<div class=\"col-lg-6 col-md-6 col-sm-12\">\n\t\t<p>ADRESSE E-MAIL *\n\t\t<\/p>\n\t\t<p><span class=\"wpcf7-form-control-wrap\" data-name=\"your-email\"><input size=\"40\" maxlength=\"400\" class=\"wpcf7-form-control wpcf7-email wpcf7-validates-as-required wpcf7-text wpcf7-validates-as-email\" aria-required=\"true\" aria-invalid=\"false\" value=\"\" type=\"email\" name=\"your-email\" \/><\/span>\n\t\t<\/p>\n\t<\/div>\n\t<div class=\"col-lg-6 col-md-6 col-sm-12\">\n\t\t<p>TELEPHONE\n\t\t<\/p>\n\t\t<p><span class=\"wpcf7-form-control-wrap\" data-name=\"phone-number\"><input size=\"40\" maxlength=\"400\" class=\"wpcf7-form-control wpcf7-text\" aria-invalid=\"false\" value=\"\" type=\"text\" name=\"phone-number\" \/><\/span>\n\t\t<\/p>\n\t<\/div>\n<\/div>\n<p style=\"margin-bottom: 30px;\">VOTRE MESSAGE\n<\/p>\n<p><span class=\"wpcf7-form-control-wrap\" data-name=\"your-message\"><textarea cols=\"40\" rows=\"10\" maxlength=\"2000\" class=\"wpcf7-form-control wpcf7-textarea\" aria-invalid=\"false\" name=\"your-message\"><\/textarea><\/span>\n<\/p>\n<p style=\"margin-bottom: 30px;\"><br \/>\n<span class=\"wpcf7-form-control-wrap\" data-name=\"acceptance-663\"><span class=\"wpcf7-form-control wpcf7-acceptance\"><span class=\"wpcf7-list-item\"><input type=\"checkbox\" name=\"acceptance-663\" value=\"1\" aria-invalid=\"false\" \/><\/span><\/span><\/span> J'accepte le <a href=\"\/de\/datenschutzerklaerung\/\" target=\"_blank\">Dispositions relatives \u00e0 la protection des donn\u00e9es<\/a>\n<\/p>\n<div class=\"fusion-columns fusion-clearfix\" style=\"margin-bottom: 20px;\">\n\t<div class=\"col-lg-6 col-md-6 col-sm-12\">\n\t\t<p><input class=\"wpcf7-form-control wpcf7-submit has-spinner\" type=\"submit\" value=\"ENVOYER\" \/>\n\t\t<\/p>\n\t<\/div>\n\t<div class=\"col-lg-6 col-md-6 col-sm-12\">\n\t\n\t<\/div>\n<\/div><div class=\"fusion-alert alert custom alert-custom fusion-alert-center wpcf7-response-output fusion-alert-capitalize awb-alert-native-link-color alert-dismissable awb-alert-close-boxed\" style=\"--awb-border-size:1px;--awb-border-top-left-radius:0px;--awb-border-top-right-radius:0px;--awb-border-bottom-left-radius:0px;--awb-border-bottom-right-radius:0px;\" role=\"alert\"><div class=\"fusion-alert-content-wrapper\"><span class=\"fusion-alert-content\"><\/span><\/div><button type=\"button\" class=\"close toggle-alert\" data-dismiss=\"alert\" aria-label=\"Close\">&times;<\/button><\/div>\n<\/form>\n<\/div>\n<div class=\"fusion-clearfix\"><\/div><\/div><\/div><div class=\"fusion-layout-column fusion_builder_column fusion-builder-column-8 fusion_builder_column_1_6 1_6 fusion-one-sixth fusion-column-last\" style=\"--awb-bg-size:cover;width:16.666666666667%;width:calc(16.666666666667% - ( ( 4% + 4% ) * 0.16666666666667 ) );\"><div class=\"fusion-column-wrapper fusion-flex-column-wrapper-legacy\"><div class=\"fusion-clearfix\"><\/div><\/div><\/div><\/div><\/div><\/p>\n","protected":false},"excerpt":{"rendered":"","protected":false},"author":2,"featured_media":0,"parent":0,"menu_order":0,"comment_status":"closed","ping_status":"closed","template":"100-width.php","meta":{"_monsterinsights_skip_tracking":false,"_monsterinsights_sitenote_active":false,"_monsterinsights_sitenote_note":"","_monsterinsights_sitenote_category":0,"footnotes":""},"class_list":["post-4662","page","type-page","status-publish","hentry"],"yoast_head":"<!-- This site is optimized with the Yoast SEO plugin v23.3 - https:\/\/yoast.com\/wordpress\/plugins\/seo\/ -->\n<title>Devenez revendeur scooters \u00e9lectriques - HORWIN SWISS<\/title>\n<meta name=\"description\" content=\"\u00cates-vous revendeur, vendez-vous des scooters ou dirigez-vous un atelier? Devenez revendeur de scooters \u00e9lectriques Horwin!\" \/>\n<meta name=\"robots\" content=\"index, follow, max-snippet:-1, max-image-preview:large, max-video-preview:-1\" \/>\n<link rel=\"canonical\" href=\"https:\/\/www.horwin.swiss\/elektroroller-haendler-werden\/\" \/>\n<meta property=\"og:locale\" content=\"fr_FR\" \/>\n<meta property=\"og:type\" content=\"article\" \/>\n<meta property=\"og:title\" content=\"Devenez revendeur scooters \u00e9lectriques - HORWIN SWISS\" \/>\n<meta property=\"og:description\" content=\"\u00cates-vous revendeur, vendez-vous des scooters ou dirigez-vous un atelier? Devenez revendeur de scooters \u00e9lectriques Horwin!\" \/>\n<meta property=\"og:url\" content=\"https:\/\/www.horwin.swiss\/elektroroller-haendler-werden\/\" \/>\n<meta property=\"og:site_name\" content=\"HORWIN Swiss\" \/>\n<meta property=\"article:modified_time\" content=\"2023-10-03T07:41:24+00:00\" \/>\n<meta name=\"twitter:card\" content=\"summary_large_image\" \/>\n<meta name=\"twitter:label1\" content=\"Dur\u00e9e de lecture estim\u00e9e\" \/>\n\t<meta name=\"twitter:data1\" content=\"8 minutes\" \/>\n<script type=\"application\/ld+json\" class=\"yoast-schema-graph\">{\"@context\":\"https:\/\/schema.org\",\"@graph\":[{\"@type\":\"WebPage\",\"@id\":\"https:\/\/www.horwin.swiss\/elektroroller-haendler-werden\/\",\"url\":\"https:\/\/www.horwin.swiss\/elektroroller-haendler-werden\/\",\"name\":\"Devenez revendeur scooters \u00e9lectriques - HORWIN SWISS\",\"isPartOf\":{\"@id\":\"https:\/\/www.horwin.swiss\/fr\/#website\"},\"datePublished\":\"2018-10-30T16:03:42+00:00\",\"dateModified\":\"2023-10-03T07:41:24+00:00\",\"description\":\"\u00cates-vous revendeur, vendez-vous des scooters ou dirigez-vous un atelier? Devenez revendeur de scooters \u00e9lectriques Horwin!\",\"breadcrumb\":{\"@id\":\"https:\/\/www.horwin.swiss\/elektroroller-haendler-werden\/#breadcrumb\"},\"inLanguage\":\"fr-FR\",\"potentialAction\":[{\"@type\":\"ReadAction\",\"target\":[\"https:\/\/www.horwin.swiss\/elektroroller-haendler-werden\/\"]}]},{\"@type\":\"BreadcrumbList\",\"@id\":\"https:\/\/www.horwin.swiss\/elektroroller-haendler-werden\/#breadcrumb\",\"itemListElement\":[{\"@type\":\"ListItem\",\"position\":1,\"name\":\"Home\",\"item\":\"https:\/\/www.horwin.swiss\/fr\/\"},{\"@type\":\"ListItem\",\"position\":2,\"name\":\"Devenir revendeur Horwin\"}]},{\"@type\":\"WebSite\",\"@id\":\"https:\/\/www.horwin.swiss\/fr\/#website\",\"url\":\"https:\/\/www.horwin.swiss\/fr\/\",\"name\":\"HORWIN Swiss\",\"description\":\"Distribution of E-Mobility vehicles in Switzerland\",\"publisher\":{\"@id\":\"https:\/\/www.horwin.swiss\/fr\/#organization\"},\"potentialAction\":[{\"@type\":\"SearchAction\",\"target\":{\"@type\":\"EntryPoint\",\"urlTemplate\":\"https:\/\/www.horwin.swiss\/fr\/?s={search_term_string}\"},\"query-input\":\"required name=search_term_string\"}],\"inLanguage\":\"fr-FR\"},{\"@type\":\"Organization\",\"@id\":\"https:\/\/www.horwin.swiss\/fr\/#organization\",\"name\":\"Horwin Swiss\",\"url\":\"https:\/\/www.horwin.swiss\/fr\/\",\"logo\":{\"@type\":\"ImageObject\",\"inLanguage\":\"fr-FR\",\"@id\":\"https:\/\/www.horwin.swiss\/fr\/#\/schema\/logo\/image\/\",\"url\":\"https:\/\/www.horwin.swiss\/wp-content\/uploads\/2021\/10\/HORWIN_Logo.png\",\"contentUrl\":\"https:\/\/www.horwin.swiss\/wp-content\/uploads\/2021\/10\/HORWIN_Logo.png\",\"width\":3167,\"height\":602,\"caption\":\"Horwin Swiss\"},\"image\":{\"@id\":\"https:\/\/www.horwin.swiss\/fr\/#\/schema\/logo\/image\/\"}}]}<\/script>\n<!-- \/ Yoast SEO plugin. -->","yoast_head_json":{"title":"Devenez revendeur scooters \u00e9lectriques - HORWIN SWISS","description":"\u00cates-vous revendeur, vendez-vous des scooters ou dirigez-vous un atelier? Devenez revendeur de scooters \u00e9lectriques Horwin!","robots":{"index":"index","follow":"follow","max-snippet":"max-snippet:-1","max-image-preview":"max-image-preview:large","max-video-preview":"max-video-preview:-1"},"canonical":"https:\/\/www.horwin.swiss\/elektroroller-haendler-werden\/","og_locale":"fr_FR","og_type":"article","og_title":"Devenez revendeur scooters \u00e9lectriques - HORWIN SWISS","og_description":"\u00cates-vous revendeur, vendez-vous des scooters ou dirigez-vous un atelier? Devenez revendeur de scooters \u00e9lectriques Horwin!","og_url":"https:\/\/www.horwin.swiss\/elektroroller-haendler-werden\/","og_site_name":"HORWIN Swiss","article_modified_time":"2023-10-03T07:41:24+00:00","twitter_card":"summary_large_image","twitter_misc":{"Dur\u00e9e de lecture estim\u00e9e":"8 minutes"},"schema":{"@context":"https:\/\/schema.org","@graph":[{"@type":"WebPage","@id":"https:\/\/www.horwin.swiss\/elektroroller-haendler-werden\/","url":"https:\/\/www.horwin.swiss\/elektroroller-haendler-werden\/","name":"Devenez revendeur scooters \u00e9lectriques - HORWIN SWISS","isPartOf":{"@id":"https:\/\/www.horwin.swiss\/fr\/#website"},"datePublished":"2018-10-30T16:03:42+00:00","dateModified":"2023-10-03T07:41:24+00:00","description":"\u00cates-vous revendeur, vendez-vous des scooters ou dirigez-vous un atelier? Devenez revendeur de scooters \u00e9lectriques Horwin!","breadcrumb":{"@id":"https:\/\/www.horwin.swiss\/elektroroller-haendler-werden\/#breadcrumb"},"inLanguage":"fr-FR","potentialAction":[{"@type":"ReadAction","target":["https:\/\/www.horwin.swiss\/elektroroller-haendler-werden\/"]}]},{"@type":"BreadcrumbList","@id":"https:\/\/www.horwin.swiss\/elektroroller-haendler-werden\/#breadcrumb","itemListElement":[{"@type":"ListItem","position":1,"name":"Home","item":"https:\/\/www.horwin.swiss\/fr\/"},{"@type":"ListItem","position":2,"name":"Devenir revendeur Horwin"}]},{"@type":"WebSite","@id":"https:\/\/www.horwin.swiss\/fr\/#website","url":"https:\/\/www.horwin.swiss\/fr\/","name":"HORWIN Swiss","description":"Distribution of E-Mobility vehicles in Switzerland","publisher":{"@id":"https:\/\/www.horwin.swiss\/fr\/#organization"},"potentialAction":[{"@type":"SearchAction","target":{"@type":"EntryPoint","urlTemplate":"https:\/\/www.horwin.swiss\/fr\/?s={search_term_string}"},"query-input":"required name=search_term_string"}],"inLanguage":"fr-FR"},{"@type":"Organization","@id":"https:\/\/www.horwin.swiss\/fr\/#organization","name":"Horwin Swiss","url":"https:\/\/www.horwin.swiss\/fr\/","logo":{"@type":"ImageObject","inLanguage":"fr-FR","@id":"https:\/\/www.horwin.swiss\/fr\/#\/schema\/logo\/image\/","url":"https:\/\/www.horwin.swiss\/wp-content\/uploads\/2021\/10\/HORWIN_Logo.png","contentUrl":"https:\/\/www.horwin.swiss\/wp-content\/uploads\/2021\/10\/HORWIN_Logo.png","width":3167,"height":602,"caption":"Horwin Swiss"},"image":{"@id":"https:\/\/www.horwin.swiss\/fr\/#\/schema\/logo\/image\/"}}]}},"_links":{"self":[{"href":"https:\/\/www.horwin.swiss\/fr\/wp-json\/wp\/v2\/pages\/4662"}],"collection":[{"href":"https:\/\/www.horwin.swiss\/fr\/wp-json\/wp\/v2\/pages"}],"about":[{"href":"https:\/\/www.horwin.swiss\/fr\/wp-json\/wp\/v2\/types\/page"}],"author":[{"embeddable":true,"href":"https:\/\/www.horwin.swiss\/fr\/wp-json\/wp\/v2\/users\/2"}],"replies":[{"embeddable":true,"href":"https:\/\/www.horwin.swiss\/fr\/wp-json\/wp\/v2\/comments?post=4662"}],"version-history":[{"count":11,"href":"https:\/\/www.horwin.swiss\/fr\/wp-json\/wp\/v2\/pages\/4662\/revisions"}],"predecessor-version":[{"id":5919,"href":"https:\/\/www.horwin.swiss\/fr\/wp-json\/wp\/v2\/pages\/4662\/revisions\/5919"}],"wp:attachment":[{"href":"https:\/\/www.horwin.swiss\/fr\/wp-json\/wp\/v2\/media?parent=4662"}],"curies":[{"name":"wp","href":"https:\/\/api.w.org\/{rel}","templated":true}]}}