{"id":4639,"date":"2018-10-30T18:33:42","date_gmt":"2018-10-30T16:33:42","guid":{"rendered":"https:\/\/nk7wdanlvn.preview.infomaniak.website\/produkte\/"},"modified":"2024-10-02T10:00:49","modified_gmt":"2024-10-02T08:00:49","slug":"scooters-electriques","status":"publish","type":"page","link":"https:\/\/www.horwin.swiss\/fr\/scooters-electriques\/","title":{"rendered":"Scooters \u00e9lectriques"},"content":{"rendered":"<p><div class=\"fusion-fullwidth fullwidth-box fusion-builder-row-1 fusion-flex-container fusion-parallax-none hundred-percent-fullwidth hundred-percent-height hundred-percent-height-center-content non-hundred-percent-height-scrolling\" style=\"--awb-border-color:#ffffff;--awb-border-radius-top-left:0px;--awb-border-radius-top-right:0px;--awb-border-radius-bottom-right:0px;--awb-border-radius-bottom-left:0px;--awb-padding-top-small:80px;--awb-padding-bottom-small:80px;--awb-margin-top-small:0px;--awb-margin-bottom-small:0px;--awb-background-image:url(&quot;http:\/\/www.horwin.swiss\/wp-content\/uploads\/2022\/11\/SK3-BilderWeb1.jpg&quot;);--awb-background-size:cover;--awb-flex-wrap:wrap;\" ><div class=\"fusion-builder-row fusion-row fusion-flex-align-items-flex-start fusion-flex-content-wrap\" style=\"width:104% !important;max-width:104% !important;margin-left: calc(-4% \/ 2 );margin-right: calc(-4% \/ 2 );\"><\/div><\/div><div class=\"fusion-fullwidth fullwidth-box fusion-builder-row-2 mass-responsive-section nonhundred-percent-fullwidth non-hundred-percent-height-scrolling\" style=\"--awb-background-position:left top;--awb-border-sizes-top:0px;--awb-border-sizes-bottom:0px;--awb-border-sizes-left:0px;--awb-border-sizes-right:0px;--awb-border-radius-top-left:0px;--awb-border-radius-top-right:0px;--awb-border-radius-bottom-right:0px;--awb-border-radius-bottom-left:0px;--awb-padding-top:3%;--awb-padding-bottom:0px;--awb-flex-wrap:wrap;\" id=\"section2\" ><div class=\"fusion-builder-row fusion-row\"><div class=\"fusion-layout-column fusion_builder_column fusion-builder-column-0 fusion_builder_column_1_1 1_1 fusion-one-full fusion-column-first fusion-column-last mass-intro\" style=\"--awb-padding-right:15%;--awb-padding-left:15%;--awb-bg-size:cover;--awb-margin-top:42px;--awb-margin-bottom:20px;\"><div class=\"fusion-column-wrapper fusion-flex-column-wrapper-legacy\"><div class=\"fusion-text fusion-text-1\"><h1 style=\"text-align: center;\" data-fontsize=\"34\" data-lineheight=\"47\"><span style=\"color: #000000;\">HORWIN SK3<\/span><\/h1>\n<\/div><div class=\"fusion-sep-clear\"><\/div><div class=\"fusion-separator\" style=\"margin-left: auto;margin-right: auto;margin-top:0px;margin-bottom:30px;width:100%;max-width:206px;\"><div class=\"fusion-separator-border sep-single sep-solid\" style=\"--awb-height:20px;--awb-amount:20px;--awb-sep-color:#e6002d;border-color:#e6002d;border-top-width:2px;\"><\/div><\/div><div class=\"fusion-sep-clear\"><\/div><div class=\"fusion-text fusion-text-2\"><p style=\"text-align: center;\"><span style=\"color: #000000;\">Notre Horwin SK3 est un nouvel entrant dans la cat\u00e9gorie des <strong>scooters sportifs classe L3e<\/strong>, il fait partie des \u00e9quivalents 125cc en \u00e9lectrique. Vous aimerez son moteur puissant qui offre jusqu\u2019\u00e0 6,3 kW de puissance.<br \/>Avec sa vitesse de pointe de 90 km\/h et autonomie jusqu&rsquo;\u00e0 80 km, vous serez \u00e0 l\u2019aise en ville comme en p\u00e9riph\u00e9rie.<\/span><\/p>\n<h2 style=\"text-align: center; --fontSize:32; line-height: 1.31;\" data-fontsize=\"32\" data-lineheight=\"41.92px\" class=\"fusion-responsive-typography-calculated\">PVC <strong>CHF 4690.-<\/strong><\/h2>\n<\/div><div class=\"fusion-clearfix\"><\/div><\/div><\/div><div class=\"fusion-layout-column fusion_builder_column fusion-builder-column-1 fusion_builder_column_1_1 1_1 fusion-one-full fusion-column-first fusion-column-last\" style=\"--awb-bg-size:cover;--awb-margin-top:20px;--awb-margin-bottom:20px;\"><div class=\"fusion-column-wrapper fusion-flex-column-wrapper-legacy\"><div class=\"fusion-aligncenter\"><a class=\"fusion-button button-flat button-xlarge button-default fusion-button-default button-1 fusion-button-default-span fusion-button-default-type\" target=\"_self\" href=\"https:\/\/www.horwin.swiss\/fr\/scooter-electrique-horwin-sk3\/\"><span class=\"fusion-button-text\">EN SAVOIR PLUS SUR LE HORWIN SK3<\/span><\/a><\/div><div class=\"fusion-sep-clear\"><\/div><div class=\"fusion-separator fusion-full-width-sep\" style=\"margin-left: auto;margin-right: auto;margin-top:20px;margin-bottom:20px;width:100%;\"><div class=\"fusion-separator-border sep-single\" style=\"--awb-height:20px;--awb-amount:20px;--awb-sep-color:#ffffff;border-color:#ffffff;border-top-width:2px;\"><\/div><\/div><div class=\"fusion-sep-clear\"><\/div><div class=\"fusion-clearfix\"><\/div><\/div><\/div><\/div><\/div><div class=\"fusion-fullwidth fullwidth-box fusion-builder-row-3 fusion-flex-container fusion-parallax-none hundred-percent-fullwidth hundred-percent-height hundred-percent-height-center-content non-hundred-percent-height-scrolling\" style=\"--awb-border-radius-top-left:0px;--awb-border-radius-top-right:0px;--awb-border-radius-bottom-right:0px;--awb-border-radius-bottom-left:0px;--awb-padding-bottom:80px;--awb-padding-top-small:80px;--awb-padding-bottom-small:80px;--awb-margin-top:0px;--awb-background-color:#f0f1ec;--awb-background-image:url(&quot;http:\/\/nk7wdanlvn.preview.infomaniak.website\/wp-content\/uploads\/2020\/05\/EK3-Bild-Slider-n.jpg&quot;);--awb-background-size:cover;--awb-flex-wrap:wrap;\" ><div class=\"fusion-builder-row fusion-row fusion-flex-align-items-flex-start fusion-flex-content-wrap\" style=\"width:calc( 100% + 0px ) !important;max-width:calc( 100% + 0px ) !important;margin-left: calc(-0px \/ 2 );margin-right: calc(-0px \/ 2 );\"><\/div><\/div><div class=\"fusion-fullwidth fullwidth-box fusion-builder-row-4 mass-responsive-section nonhundred-percent-fullwidth non-hundred-percent-height-scrolling\" style=\"--awb-background-position:left top;--awb-border-sizes-top:0px;--awb-border-sizes-bottom:0px;--awb-border-sizes-left:0px;--awb-border-sizes-right:0px;--awb-border-radius-top-left:0px;--awb-border-radius-top-right:0px;--awb-border-radius-bottom-right:0px;--awb-border-radius-bottom-left:0px;--awb-padding-top:3%;--awb-padding-bottom:0px;--awb-flex-wrap:wrap;\" id=\"section2\" ><div class=\"fusion-builder-row fusion-row\"><div class=\"fusion-layout-column fusion_builder_column fusion-builder-column-2 fusion_builder_column_1_1 1_1 fusion-one-full fusion-column-first fusion-column-last mass-intro\" style=\"--awb-padding-right:15%;--awb-padding-left:15%;--awb-bg-size:cover;--awb-margin-top:42px;--awb-margin-bottom:20px;\"><div class=\"fusion-column-wrapper fusion-flex-column-wrapper-legacy\"><div class=\"fusion-text fusion-text-3\"><h1 style=\"text-align: center;\" data-fontsize=\"34\" data-lineheight=\"47\"><span style=\"color: #000000;\">HORWIN EK3<\/span><\/h1>\n<\/div><div class=\"fusion-sep-clear\"><\/div><div class=\"fusion-separator\" style=\"margin-left: auto;margin-right: auto;margin-top:0px;margin-bottom:30px;width:100%;max-width:206px;\"><div class=\"fusion-separator-border sep-single sep-solid\" style=\"--awb-height:20px;--awb-amount:20px;--awb-sep-color:#e6002d;border-color:#e6002d;border-top-width:2px;\"><\/div><\/div><div class=\"fusion-sep-clear\"><\/div><div class=\"fusion-text fusion-text-4\"><p style=\"text-align: center;\"><span style=\"color: #000000;\">L&rsquo; \u00e9l\u00e9gant <strong>scooter \u00e9lectrique de classe L3e<\/strong> impressionne par son design, son confort, sa s\u00e9curit\u00e9 et ses fonctions high-tech.<br \/>Il peut atteindre les 95 km\/h et offre une autonomie allant jusqu&rsquo;\u00e0 100 km. De plus, le mod\u00e8le EK3 propose, en option, une seconde batterie permettant de doubler l&rsquo;autonomie.<br \/><\/span><\/p>\n<h2 style=\"text-align: center;\">PVC <strong>CHF 5490.-<\/strong><\/h2>\n<\/div><div class=\"fusion-clearfix\"><\/div><\/div><\/div><div class=\"fusion-layout-column fusion_builder_column fusion-builder-column-3 fusion_builder_column_1_1 1_1 fusion-one-full fusion-column-first fusion-column-last\" style=\"--awb-bg-size:cover;--awb-margin-top:20px;--awb-margin-bottom:20px;\"><div class=\"fusion-column-wrapper fusion-flex-column-wrapper-legacy\"><div class=\"fusion-aligncenter\"><a class=\"fusion-button button-flat button-xlarge button-default fusion-button-default button-2 fusion-button-default-span fusion-button-default-type\" target=\"_self\" href=\"https:\/\/www.horwin.swiss\/fr\/scooter-electrique-horwin-ek3\/\"><span class=\"fusion-button-text\">EN SAVOIR PLUS SUR LE HORWIN EK3<\/span><\/a><\/div><div class=\"fusion-sep-clear\"><\/div><div class=\"fusion-separator fusion-full-width-sep\" style=\"margin-left: auto;margin-right: auto;margin-top:20px;margin-bottom:20px;width:100%;\"><div class=\"fusion-separator-border sep-single\" style=\"--awb-height:20px;--awb-amount:20px;--awb-sep-color:#ffffff;border-color:#ffffff;border-top-width:2px;\"><\/div><\/div><div class=\"fusion-sep-clear\"><\/div><div class=\"fusion-clearfix\"><\/div><\/div><\/div><\/div><\/div><div class=\"fusion-fullwidth fullwidth-box fusion-builder-row-5 fusion-flex-container fusion-parallax-none hundred-percent-fullwidth hundred-percent-height hundred-percent-height-center-content non-hundred-percent-height-scrolling\" style=\"--awb-border-radius-top-left:0px;--awb-border-radius-top-right:0px;--awb-border-radius-bottom-right:0px;--awb-border-radius-bottom-left:0px;--awb-padding-bottom:80px;--awb-padding-top-small:80px;--awb-padding-bottom-small:80px;--awb-background-color:#ffffff;--awb-background-image:url(&quot;http:\/\/www.horwin.swiss\/wp-content\/uploads\/2022\/07\/579A1678-scaled.jpg&quot;);--awb-background-size:cover;--awb-flex-wrap:wrap;\" ><div class=\"fusion-builder-row fusion-row fusion-flex-align-items-flex-start fusion-flex-align-content-center fusion-flex-content-wrap\" style=\"width:calc( 100% + 0px ) !important;max-width:calc( 100% + 0px ) !important;margin-left: calc(-0px \/ 2 );margin-right: calc(-0px \/ 2 );\"><\/div><\/div><div class=\"fusion-fullwidth fullwidth-box fusion-builder-row-6 mass-responsive-section nonhundred-percent-fullwidth non-hundred-percent-height-scrolling\" style=\"--awb-background-position:left top;--awb-border-sizes-top:0px;--awb-border-sizes-bottom:0px;--awb-border-sizes-left:0px;--awb-border-sizes-right:0px;--awb-border-radius-top-left:0px;--awb-border-radius-top-right:0px;--awb-border-radius-bottom-right:0px;--awb-border-radius-bottom-left:0px;--awb-padding-top:3%;--awb-padding-bottom:0px;--awb-background-color:#fffffffff;--awb-flex-wrap:wrap;\" id=\"section2\" ><div class=\"fusion-builder-row fusion-row\"><div class=\"fusion-layout-column fusion_builder_column fusion-builder-column-4 fusion_builder_column_1_1 1_1 fusion-one-full fusion-column-first fusion-column-last mass-intro\" style=\"--awb-padding-right:15%;--awb-padding-left:15%;--awb-bg-size:cover;--awb-margin-top:42px;--awb-margin-bottom:20px;\"><div class=\"fusion-column-wrapper fusion-flex-column-wrapper-legacy\"><div class=\"fusion-text fusion-text-5\"><h1 style=\"text-align: center;\" data-fontsize=\"34\" data-lineheight=\"47\"><span style=\"color: #000000;\">HORWIN EK1<\/span><\/h1>\n<\/div><div class=\"fusion-sep-clear\"><\/div><div class=\"fusion-separator\" style=\"margin-left: auto;margin-right: auto;margin-top:0px;margin-bottom:30px;width:100%;max-width:206px;\"><div class=\"fusion-separator-border sep-single sep-solid\" style=\"--awb-height:20px;--awb-amount:20px;--awb-sep-color:#e6002d;border-color:#e6002d;border-top-width:2px;\"><\/div><\/div><div class=\"fusion-sep-clear\"><\/div><div class=\"fusion-text fusion-text-6\"><p style=\"text-align: center;\"><span style=\"color: #000000;\">Le mod\u00e8le EK1 est consid\u00e9r\u00e9 comme le petit fr\u00e8re du mod\u00e8le EK3. Leurs apparences comme leurs dimensions sont quasi identiques, la grande diff\u00e9rence r\u00e9side dans la motorisation : le <strong>scooter \u00e9lectrique de classe L1e<\/strong> se limite \u00e0 une <bold>vitesse de 45 km\/h<\/bold> et sa batterie offre une <bold>autonomie de 120 km<\/bold>.<\/span><\/p>\n<h2 style=\"text-align: center;\">PVC <strong>CHF 3990.-<\/strong><\/h2>\n<\/div><div class=\"fusion-clearfix\"><\/div><\/div><\/div><div class=\"fusion-layout-column fusion_builder_column fusion-builder-column-5 fusion_builder_column_1_1 1_1 fusion-one-full fusion-column-first fusion-column-last\" style=\"--awb-bg-size:cover;--awb-margin-top:20px;--awb-margin-bottom:20px;\"><div class=\"fusion-column-wrapper fusion-flex-column-wrapper-legacy\"><div class=\"fusion-aligncenter\"><a class=\"fusion-button button-flat button-xlarge button-default fusion-button-default button-3 fusion-button-default-span fusion-button-default-type\" target=\"_self\" href=\"https:\/\/www.horwin.swiss\/fr\/scooter-electrique-horwin-ek1\/\"><span class=\"fusion-button-text\">EN SAVOIR PLUS SUR LE HORWIN EK1<\/span><\/a><\/div><div class=\"fusion-clearfix\"><\/div><\/div><\/div><\/div><\/div><\/p>\n","protected":false},"excerpt":{"rendered":"","protected":false},"author":2,"featured_media":0,"parent":0,"menu_order":0,"comment_status":"closed","ping_status":"closed","template":"100-width.php","meta":{"_monsterinsights_skip_tracking":false,"_monsterinsights_sitenote_active":false,"_monsterinsights_sitenote_note":"","_monsterinsights_sitenote_category":0,"footnotes":""},"class_list":["post-4639","page","type-page","status-publish","hentry"],"yoast_head":"<!-- This site is optimized with the Yoast SEO plugin v23.3 - https:\/\/yoast.com\/wordpress\/plugins\/seo\/ -->\n<title>Scooters \u00e9lectriques de haute technologie - HORWIN SWISS<\/title>\n<meta name=\"description\" content=\"D\u00e9couvrez nos scooters \u00e9lectriques Horwin classes L3e et L1e. Restez impressionn\u00e9s par leur design, confort et s\u00e9curit\u00e9.\" \/>\n<meta name=\"robots\" content=\"index, follow, max-snippet:-1, max-image-preview:large, max-video-preview:-1\" \/>\n<link rel=\"canonical\" href=\"https:\/\/www.horwin.swiss\/fr\/scooters-electriques\/\" \/>\n<meta property=\"og:locale\" content=\"fr_FR\" \/>\n<meta property=\"og:type\" content=\"article\" \/>\n<meta property=\"og:title\" content=\"Scooters \u00e9lectriques de haute technologie - HORWIN SWISS\" \/>\n<meta property=\"og:description\" content=\"D\u00e9couvrez nos scooters \u00e9lectriques Horwin classes L3e et L1e. Restez impressionn\u00e9s par leur design, confort et s\u00e9curit\u00e9.\" \/>\n<meta property=\"og:url\" content=\"https:\/\/www.horwin.swiss\/fr\/scooters-electriques\/\" \/>\n<meta property=\"og:site_name\" content=\"HORWIN Swiss\" \/>\n<meta property=\"article:modified_time\" content=\"2024-10-02T08:00:49+00:00\" \/>\n<meta name=\"twitter:card\" content=\"summary_large_image\" \/>\n<meta name=\"twitter:label1\" content=\"Dur\u00e9e de lecture estim\u00e9e\" \/>\n\t<meta name=\"twitter:data1\" content=\"24 minutes\" \/>\n<script type=\"application\/ld+json\" class=\"yoast-schema-graph\">{\"@context\":\"https:\/\/schema.org\",\"@graph\":[{\"@type\":\"WebPage\",\"@id\":\"https:\/\/www.horwin.swiss\/fr\/scooters-electriques\/\",\"url\":\"https:\/\/www.horwin.swiss\/fr\/scooters-electriques\/\",\"name\":\"Scooters \u00e9lectriques de haute technologie - HORWIN SWISS\",\"isPartOf\":{\"@id\":\"https:\/\/www.horwin.swiss\/fr\/#website\"},\"datePublished\":\"2018-10-30T16:33:42+00:00\",\"dateModified\":\"2024-10-02T08:00:49+00:00\",\"description\":\"D\u00e9couvrez nos scooters \u00e9lectriques Horwin classes L3e et L1e. Restez impressionn\u00e9s par leur design, confort et s\u00e9curit\u00e9.\",\"breadcrumb\":{\"@id\":\"https:\/\/www.horwin.swiss\/fr\/scooters-electriques\/#breadcrumb\"},\"inLanguage\":\"fr-FR\",\"potentialAction\":[{\"@type\":\"ReadAction\",\"target\":[\"https:\/\/www.horwin.swiss\/fr\/scooters-electriques\/\"]}]},{\"@type\":\"BreadcrumbList\",\"@id\":\"https:\/\/www.horwin.swiss\/fr\/scooters-electriques\/#breadcrumb\",\"itemListElement\":[{\"@type\":\"ListItem\",\"position\":1,\"name\":\"Home\",\"item\":\"https:\/\/www.horwin.swiss\/fr\/\"},{\"@type\":\"ListItem\",\"position\":2,\"name\":\"Scooters \u00e9lectriques\"}]},{\"@type\":\"WebSite\",\"@id\":\"https:\/\/www.horwin.swiss\/fr\/#website\",\"url\":\"https:\/\/www.horwin.swiss\/fr\/\",\"name\":\"HORWIN Swiss\",\"description\":\"Distribution of E-Mobility vehicles in Switzerland\",\"publisher\":{\"@id\":\"https:\/\/www.horwin.swiss\/fr\/#organization\"},\"potentialAction\":[{\"@type\":\"SearchAction\",\"target\":{\"@type\":\"EntryPoint\",\"urlTemplate\":\"https:\/\/www.horwin.swiss\/fr\/?s={search_term_string}\"},\"query-input\":\"required name=search_term_string\"}],\"inLanguage\":\"fr-FR\"},{\"@type\":\"Organization\",\"@id\":\"https:\/\/www.horwin.swiss\/fr\/#organization\",\"name\":\"Horwin Swiss\",\"url\":\"https:\/\/www.horwin.swiss\/fr\/\",\"logo\":{\"@type\":\"ImageObject\",\"inLanguage\":\"fr-FR\",\"@id\":\"https:\/\/www.horwin.swiss\/fr\/#\/schema\/logo\/image\/\",\"url\":\"https:\/\/www.horwin.swiss\/wp-content\/uploads\/2021\/10\/HORWIN_Logo.png\",\"contentUrl\":\"https:\/\/www.horwin.swiss\/wp-content\/uploads\/2021\/10\/HORWIN_Logo.png\",\"width\":3167,\"height\":602,\"caption\":\"Horwin Swiss\"},\"image\":{\"@id\":\"https:\/\/www.horwin.swiss\/fr\/#\/schema\/logo\/image\/\"}}]}<\/script>\n<!-- \/ Yoast SEO plugin. -->","yoast_head_json":{"title":"Scooters \u00e9lectriques de haute technologie - HORWIN SWISS","description":"D\u00e9couvrez nos scooters \u00e9lectriques Horwin classes L3e et L1e. Restez impressionn\u00e9s par leur design, confort et s\u00e9curit\u00e9.","robots":{"index":"index","follow":"follow","max-snippet":"max-snippet:-1","max-image-preview":"max-image-preview:large","max-video-preview":"max-video-preview:-1"},"canonical":"https:\/\/www.horwin.swiss\/fr\/scooters-electriques\/","og_locale":"fr_FR","og_type":"article","og_title":"Scooters \u00e9lectriques de haute technologie - HORWIN SWISS","og_description":"D\u00e9couvrez nos scooters \u00e9lectriques Horwin classes L3e et L1e. Restez impressionn\u00e9s par leur design, confort et s\u00e9curit\u00e9.","og_url":"https:\/\/www.horwin.swiss\/fr\/scooters-electriques\/","og_site_name":"HORWIN Swiss","article_modified_time":"2024-10-02T08:00:49+00:00","twitter_card":"summary_large_image","twitter_misc":{"Dur\u00e9e de lecture estim\u00e9e":"24 minutes"},"schema":{"@context":"https:\/\/schema.org","@graph":[{"@type":"WebPage","@id":"https:\/\/www.horwin.swiss\/fr\/scooters-electriques\/","url":"https:\/\/www.horwin.swiss\/fr\/scooters-electriques\/","name":"Scooters \u00e9lectriques de haute technologie - HORWIN SWISS","isPartOf":{"@id":"https:\/\/www.horwin.swiss\/fr\/#website"},"datePublished":"2018-10-30T16:33:42+00:00","dateModified":"2024-10-02T08:00:49+00:00","description":"D\u00e9couvrez nos scooters \u00e9lectriques Horwin classes L3e et L1e. Restez impressionn\u00e9s par leur design, confort et s\u00e9curit\u00e9.","breadcrumb":{"@id":"https:\/\/www.horwin.swiss\/fr\/scooters-electriques\/#breadcrumb"},"inLanguage":"fr-FR","potentialAction":[{"@type":"ReadAction","target":["https:\/\/www.horwin.swiss\/fr\/scooters-electriques\/"]}]},{"@type":"BreadcrumbList","@id":"https:\/\/www.horwin.swiss\/fr\/scooters-electriques\/#breadcrumb","itemListElement":[{"@type":"ListItem","position":1,"name":"Home","item":"https:\/\/www.horwin.swiss\/fr\/"},{"@type":"ListItem","position":2,"name":"Scooters \u00e9lectriques"}]},{"@type":"WebSite","@id":"https:\/\/www.horwin.swiss\/fr\/#website","url":"https:\/\/www.horwin.swiss\/fr\/","name":"HORWIN Swiss","description":"Distribution of E-Mobility vehicles in Switzerland","publisher":{"@id":"https:\/\/www.horwin.swiss\/fr\/#organization"},"potentialAction":[{"@type":"SearchAction","target":{"@type":"EntryPoint","urlTemplate":"https:\/\/www.horwin.swiss\/fr\/?s={search_term_string}"},"query-input":"required name=search_term_string"}],"inLanguage":"fr-FR"},{"@type":"Organization","@id":"https:\/\/www.horwin.swiss\/fr\/#organization","name":"Horwin Swiss","url":"https:\/\/www.horwin.swiss\/fr\/","logo":{"@type":"ImageObject","inLanguage":"fr-FR","@id":"https:\/\/www.horwin.swiss\/fr\/#\/schema\/logo\/image\/","url":"https:\/\/www.horwin.swiss\/wp-content\/uploads\/2021\/10\/HORWIN_Logo.png","contentUrl":"https:\/\/www.horwin.swiss\/wp-content\/uploads\/2021\/10\/HORWIN_Logo.png","width":3167,"height":602,"caption":"Horwin Swiss"},"image":{"@id":"https:\/\/www.horwin.swiss\/fr\/#\/schema\/logo\/image\/"}}]}},"_links":{"self":[{"href":"https:\/\/www.horwin.swiss\/fr\/wp-json\/wp\/v2\/pages\/4639"}],"collection":[{"href":"https:\/\/www.horwin.swiss\/fr\/wp-json\/wp\/v2\/pages"}],"about":[{"href":"https:\/\/www.horwin.swiss\/fr\/wp-json\/wp\/v2\/types\/page"}],"author":[{"embeddable":true,"href":"https:\/\/www.horwin.swiss\/fr\/wp-json\/wp\/v2\/users\/2"}],"replies":[{"embeddable":true,"href":"https:\/\/www.horwin.swiss\/fr\/wp-json\/wp\/v2\/comments?post=4639"}],"version-history":[{"count":11,"href":"https:\/\/www.horwin.swiss\/fr\/wp-json\/wp\/v2\/pages\/4639\/revisions"}],"predecessor-version":[{"id":6247,"href":"https:\/\/www.horwin.swiss\/fr\/wp-json\/wp\/v2\/pages\/4639\/revisions\/6247"}],"wp:attachment":[{"href":"https:\/\/www.horwin.swiss\/fr\/wp-json\/wp\/v2\/media?parent=4639"}],"curies":[{"name":"wp","href":"https:\/\/api.w.org\/{rel}","templated":true}]}}